{"id":998171,"date":"2025-10-30T14:21:07","date_gmt":"2025-10-30T14:21:07","guid":{"rendered":"https:\/\/comhit.agency\/?page_id=998171"},"modified":"2026-01-10T11:13:41","modified_gmt":"2026-01-10T11:13:41","slug":"nos-tarifs","status":"publish","type":"page","link":"https:\/\/comhit.agency\/en\/nos-tarifs\/","title":{"rendered":"Nos Tarifs"},"content":{"rendered":"<div class=\"chcpl-lock\" data-list-id=\"998174\">\n\t\t\t<div class=\"chcpl-lock-card\">\n\t\t\t\t<div class=\"chcpl-lock-icon\"><img decoding=\"async\" src=\"https:\/\/comhit.agency\/wp-content\/plugins\/comhit-custom-price-list\/assets\/icons\/lock.png\" alt=\"\" \/><\/div>\n\t\t\t\t<h3 class=\"chcpl-lock-title\">Liste prot\u00e9g\u00e9e<\/h3>\n\t\t\t\t<p class=\"chcpl-lock-desc\">Veuillez entrer le mot de passe pour acc\u00e9der \u00e0 cette liste.<\/p>\n\t\t\t\t<form class=\"chcpl-lock-form\" action=\"\">\n\t\t\t\t\t<input type=\"hidden\" name=\"action\" value=\"chcpl_unlock_list\" \/>\n\t\t\t\t\t<input type=\"hidden\" name=\"_wpnonce\" value=\"9efb97e4bd\" \/>\n\t\t\t\t\t<input type=\"hidden\" name=\"list_id\" value=\"998174\" \/>\n\t\t\t\t\t\t\t\t\t\t<input type=\"text\" name=\"homepage\" value=\"\" style=\"position:absolute;left:-9999px;width:1px;height:1px;opacity:0;tabindex:-1;\" autocomplete=\"off\" aria-hidden=\"true\" \/>\n\t\t\t\t\t<div class=\"chcpl-lock-fields\">\n\t\t\t\t\t\t<input type=\"password\" name=\"password\" placeholder=\"Mot de passe\" required maxlength=\"255\" \/>\n\t\t\t\t\t\t<button type=\"submit\" class=\"chcpl-lock-submit\">Acc\u00e9der<\/button>\n\t\t\t\t\t<\/div>\n\t\t\t\t\t<div class=\"chcpl-form-status\" aria-live=\"polite\" aria-atomic=\"true\"><\/div>\n\t\t\t\t<input type=\"hidden\" name=\"trp-form-language\" value=\"en\"\/><\/form>\n\t\t\t<\/div>\n\t\t\t<div class=\"chcpl-access-request\">\n\t\t\t\t<p class=\"chcpl-access-message\">Would you like to know our rates?<\/p>\n\t\t\t\t<button type=\"button\" class=\"chcpl-access-btn\" data-modal-id=\"chcpl-access-modal-998174\">\n\t\t\t\t\tRequest access\t\t\t\t<\/button>\n\t\t\t\t\t\t\t\t\t<p class=\"chcpl-access-subtext\">Free for professionals.<\/p>\n\t\t\t\t\t\t\t<\/div>\n\t\t<\/div>\n\n\t\t<div id=\"chcpl-access-modal-998174\" class=\"chcpl-modal\" aria-hidden=\"true\">\n\t\t\t<div class=\"chcpl-modal-backdrop\" data-close=\"true\"><\/div>\n\t\t\t<div class=\"chcpl-modal-dialog\" role=\"dialog\" aria-modal=\"true\" aria-labelledby=\"chcpl-access-modal-998174-title\">\n\t\t\t\t<button class=\"chcpl-modal-close\" type=\"button\" data-close=\"true\" aria-label=\"Close\">\u00d7<\/button>\n\t\t\t\t<h3 id=\"chcpl-access-modal-998174-title\" class=\"chcpl-modal-title\">Request access<\/h3>\n\t\t\t\t<form class=\"chcpl-inquiry-form chcpl-access-form\" action=\"\">\n\t\t\t\t\t<input type=\"hidden\" name=\"action\" value=\"chcpl_request_access\" \/>\n\t\t\t\t\t<input type=\"hidden\" name=\"_wpnonce\" value=\"9efb97e4bd\" \/>\n\t\t\t\t\t<input type=\"hidden\" name=\"list_id\" value=\"998174\" \/>\n\t\t\t\t\t<input type=\"hidden\" name=\"list_name\" value=\"Tarifs Comhit Agency\" \/>\n\t\t\t\t\t\t\t\t\t\t<input type=\"text\" name=\"website\" value=\"\" style=\"position:absolute;left:-9999px;width:1px;height:1px;opacity:0;tabindex:-1;\" autocomplete=\"off\" aria-hidden=\"true\" \/>\n\n\t\t\t\t\t<div class=\"chcpl-row\">\n\t\t\t\t\t\t<p class=\"chcpl-col\">\n\t\t\t\t\t\t\t<label>Name<\/label>\n\t\t\t\t\t\t\t<input type=\"text\" name=\"name\" autocomplete=\"name\" required \/>\n\t\t\t\t\t\t<\/p>\n\t\t\t\t\t\t<p class=\"chcpl-col\">\n\t\t\t\t\t\t\t<label>Company<\/label>\n\t\t\t\t\t\t\t<input type=\"text\" name=\"company\" autocomplete=\"organization\" required \/>\n\t\t\t\t\t\t<\/p>\n\t\t\t\t\t<\/div>\n\t\t\t\t\t<p>\n\t\t\t\t\t\t<label>Num\u00e9ro SIREN<\/label>\n\t\t\t\t\t\t<input type=\"text\" name=\"siren\" required \/>\n\t\t\t\t\t<\/p>\n\t\t\t\t\t<p>\n\t\t\t\t\t\t<label>E-mail<\/label>\n\t\t\t\t\t\t<input type=\"email\" name=\"email\" autocomplete=\"email\" required \/>\n\t\t\t\t\t<\/p>\n\t\t\t\t\t<p class=\"chcpl-form-actions\">\n\t\t\t\t\t\t<button type=\"submit\" class=\"chcpl-submit\">Send<\/button>\n\t\t\t\t\t<\/p>\n\t\t\t\t\t<div class=\"chcpl-form-status\" aria-live=\"polite\" aria-atomic=\"true\"><\/div>\n\t\t\t\t<input type=\"hidden\" name=\"trp-form-language\" value=\"en\"\/><\/form>\n\t\t\t<\/div>\n\t\t<\/div>","protected":false},"excerpt":{"rendered":"","protected":false},"author":1,"featured_media":0,"parent":0,"menu_order":0,"comment_status":"closed","ping_status":"closed","template":"","meta":{"_acf_changed":false,"_seopress_robots_primary_cat":"","_seopress_titles_title":"Grille tarifaire Agence Branding & Web Design | Comhit Agency","_seopress_titles_desc":"D\u00e9couvrez la structure de nos tarifs pour le design de marque, la cr\u00e9ation de site web (Webflow, Framer) et les \u00e9cosyst\u00e8mes de croissance. Des prestations claires pour un investissement ma\u00eetris\u00e9.","_seopress_robots_index":"","_gspb_post_css":"","footnotes":""},"class_list":["post-998171","page","type-page","status-publish","hentry"],"blocksy_meta":[],"acf":[],"_links":{"self":[{"href":"https:\/\/comhit.agency\/en\/wp-json\/wp\/v2\/pages\/998171","targetHints":{"allow":["GET"]}}],"collection":[{"href":"https:\/\/comhit.agency\/en\/wp-json\/wp\/v2\/pages"}],"about":[{"href":"https:\/\/comhit.agency\/en\/wp-json\/wp\/v2\/types\/page"}],"author":[{"embeddable":true,"href":"https:\/\/comhit.agency\/en\/wp-json\/wp\/v2\/users\/1"}],"replies":[{"embeddable":true,"href":"https:\/\/comhit.agency\/en\/wp-json\/wp\/v2\/comments?post=998171"}],"version-history":[{"count":10,"href":"https:\/\/comhit.agency\/en\/wp-json\/wp\/v2\/pages\/998171\/revisions"}],"predecessor-version":[{"id":998808,"href":"https:\/\/comhit.agency\/en\/wp-json\/wp\/v2\/pages\/998171\/revisions\/998808"}],"wp:attachment":[{"href":"https:\/\/comhit.agency\/en\/wp-json\/wp\/v2\/media?parent=998171"}],"curies":[{"name":"wp","href":"https:\/\/api.w.org\/{rel}","templated":true}]}}